{"id":6,"date":"2023-03-28T07:53:25","date_gmt":"2023-03-28T07:53:25","guid":{"rendered":"https:\/\/ezgibilgisayar.com\/?page_id=6"},"modified":"2023-08-11T12:40:13","modified_gmt":"2023-08-11T12:40:13","slug":"home","status":"publish","type":"page","link":"https:\/\/ezgibilgisayar.com\/","title":{"rendered":"Home"},"content":{"rendered":"\n<div class=\"wp-block-cover alignfull is-light\" style=\"min-height:720px;aspect-ratio:unset;\"><span aria-hidden=\"true\" class=\"wp-block-cover__background has-background-dim-100 has-background-dim has-background-gradient has-midnight-gradient-background\"><\/span><div class=\"wp-block-cover__inner-container is-layout-flow wp-block-cover-is-layout-flow\">\n<div class=\"inherit-container-width wp-block-group alignwide is-layout-constrained wp-block-group-is-layout-constrained\">\n<div class=\"wp-block-media-text alignwide has-media-on-the-right is-stacked-on-mobile is-vertically-aligned-center\" style=\"grid-template-columns:auto 43%\"><div class=\"wp-block-media-text__content\">\n<h1 class=\"wp-block-heading has-text-align-left has-white-color has-text-color\">Bilgisayar Bak\u0131m ve  Tamir<\/h1>\n\n\n\n<p>\u0130\u015f yerinizdeki veya evinizdeki bilgisayarlar\u0131n bak\u0131m ve onar\u0131mlar\u0131n\u0131 yap\u0131yoruz.<\/p>\n<\/div><figure class=\"wp-block-media-text__media\"><img loading=\"lazy\" decoding=\"async\" width=\"680\" height=\"348\" src=\"https:\/\/ezgibilgisayar.com\/wp-content\/uploads\/2023\/03\/36638-9-computer-repair-clip-art.png\" alt=\"\" class=\"wp-image-33 size-full\" srcset=\"https:\/\/ezgibilgisayar.com\/wp-content\/uploads\/2023\/03\/36638-9-computer-repair-clip-art.png 680w, https:\/\/ezgibilgisayar.com\/wp-content\/uploads\/2023\/03\/36638-9-computer-repair-clip-art-300x154.png 300w\" sizes=\"auto, (max-width: 680px) 100vw, 680px\" \/><\/figure><\/div>\n<\/div>\n<\/div><\/div>\n\n\n\n<div class=\"wp-block-group alignfull has-ast-global-color-5-background-color has-background is-layout-constrained wp-container-core-group-is-layout-9cedb757 wp-block-group-is-layout-constrained\" style=\"padding-bottom:0px\">\n<div class=\"wp-block-columns are-vertically-aligned-top is-layout-flex wp-container-core-columns-is-layout-00723822 wp-block-columns-is-layout-flex\">\n<div class=\"wp-block-column is-vertically-aligned-top is-layout-flow wp-container-core-column-is-layout-6b73ce23 wp-block-column-is-layout-flow\">\n<figure class=\"wp-block-image size-large\"><img decoding=\"async\" src=\"https:\/\/ezgibilgisayar.com\/wp-content\/themes\/astra\/inc\/assets\/images\/starter-content\/building.svg\" alt=\"\" class=\"wp-image-134\"\/><\/figure>\n\n\n\n<h3 class=\"wp-block-heading has-text-align-left\" style=\"margin-top:16px\">Bili\u015fim \u00c7\u00f6z\u00fcmleri<\/h3>\n\n\n\n<p class=\"has-text-align-left\">Bilgisayar Bak\u0131m, Onar\u0131m ve Teknik Servisi<\/p>\n<\/div>\n\n\n\n<div class=\"wp-block-column is-vertically-aligned-top is-layout-flow wp-container-core-column-is-layout-6b73ce23 wp-block-column-is-layout-flow\">\n<figure class=\"wp-block-image size-large\"><img decoding=\"async\" src=\"https:\/\/ezgibilgisayar.com\/wp-content\/themes\/astra\/inc\/assets\/images\/starter-content\/shopping-bag.svg\" alt=\"\" class=\"wp-image-135\"\/><\/figure>\n\n\n\n<h3 class=\"wp-block-heading has-text-align-left\" style=\"margin-top:16px\">Sat\u0131\u015f<\/h3>\n\n\n\n<p class=\"has-text-align-left\">Bilgisayar, donan\u0131m par\u00e7alar\u0131, network \u00fcr\u00fcnlerinin sat\u0131\u015f\u0131<\/p>\n<\/div>\n\n\n\n<div class=\"wp-block-column is-vertically-aligned-top is-layout-flow wp-container-core-column-is-layout-6b73ce23 wp-block-column-is-layout-flow\">\n<figure class=\"wp-block-image size-large\"><img decoding=\"async\" src=\"https:\/\/ezgibilgisayar.com\/wp-content\/themes\/astra\/inc\/assets\/images\/starter-content\/blog.svg\" alt=\"\" class=\"wp-image-136\"\/><\/figure>\n\n\n\n<h3 class=\"wp-block-heading has-text-align-left\" style=\"margin-top:16px\">Profesyonellik<\/h3>\n\n\n\n<p class=\"has-text-align-left\">Sat\u0131\u015f sonras\u0131 destek hizmetleri<\/p>\n<\/div>\n\n\n\n<div class=\"wp-block-column is-vertically-aligned-top is-layout-flow wp-container-core-column-is-layout-6b73ce23 wp-block-column-is-layout-flow\">\n<figure class=\"wp-block-image size-large\"><img decoding=\"async\" src=\"https:\/\/ezgibilgisayar.com\/wp-content\/themes\/astra\/inc\/assets\/images\/starter-content\/portfolio.svg\" alt=\"\" class=\"wp-image-137\"\/><\/figure>\n\n\n\n<h3 class=\"wp-block-heading has-text-align-left\" style=\"margin-top:16px\">Kalite<\/h3>\n\n\n\n<p class=\"has-text-align-left\">Kaliteli \u00fcr\u00fcn ve hizmet<\/p>\n<\/div>\n<\/div>\n<\/div>\n\n\n\n<div class=\"wp-block-group alignfull is-layout-constrained wp-container-core-group-is-layout-45b0ac4f wp-block-group-is-layout-constrained\" id=\"services\" style=\"padding-top:144px;padding-bottom:0px\">\n<h2 class=\"wp-block-heading\">Hizmetlerimiz<\/h2>\n\n\n\n<div class=\"wp-block-columns is-layout-flex wp-container-core-columns-is-layout-60cbf9bb wp-block-columns-is-layout-flex\" style=\"margin-top:50px\">\n<div class=\"wp-block-column is-layout-flow wp-container-core-column-is-layout-6b73ce23 wp-block-column-is-layout-flow\">\n<figure class=\"wp-block-image size-large\"><img loading=\"lazy\" decoding=\"async\" width=\"1024\" height=\"682\" src=\"https:\/\/ezgibilgisayar.com\/wp-content\/uploads\/2023\/03\/laptop-notebook-cellphone-1839876-1024x682.jpg\" alt=\"laptop, notebook, cellphone-1839876.jpg\" class=\"wp-image-24\" srcset=\"https:\/\/ezgibilgisayar.com\/wp-content\/uploads\/2023\/03\/laptop-notebook-cellphone-1839876-1024x682.jpg 1024w, https:\/\/ezgibilgisayar.com\/wp-content\/uploads\/2023\/03\/laptop-notebook-cellphone-1839876-300x200.jpg 300w, https:\/\/ezgibilgisayar.com\/wp-content\/uploads\/2023\/03\/laptop-notebook-cellphone-1839876-768x512.jpg 768w, https:\/\/ezgibilgisayar.com\/wp-content\/uploads\/2023\/03\/laptop-notebook-cellphone-1839876.jpg 1280w\" sizes=\"auto, (max-width: 1024px) 100vw, 1024px\" \/><\/figure>\n\n\n\n<h3 class=\"wp-block-heading\" style=\"margin-top:16px\">Bilgisayar Sat\u0131\u015f\u0131<\/h3>\n\n\n\n<p>\u0130stenilen donan\u0131mlarda diz\u00fcst\u00fc, masa\u00fcst\u00fc bilgisayar sat\u0131\u015f\u0131.<\/p>\n<\/div>\n\n\n\n<div class=\"wp-block-column is-layout-flow wp-container-core-column-is-layout-6b73ce23 wp-block-column-is-layout-flow\">\n<figure class=\"wp-block-image size-full\"><img loading=\"lazy\" decoding=\"async\" width=\"826\" height=\"554\" src=\"https:\/\/ezgibilgisayar.com\/wp-content\/uploads\/2023\/03\/bilgisayar-teknik-servis.jpg\" alt=\"\" class=\"wp-image-25\" srcset=\"https:\/\/ezgibilgisayar.com\/wp-content\/uploads\/2023\/03\/bilgisayar-teknik-servis.jpg 826w, https:\/\/ezgibilgisayar.com\/wp-content\/uploads\/2023\/03\/bilgisayar-teknik-servis-300x201.jpg 300w, https:\/\/ezgibilgisayar.com\/wp-content\/uploads\/2023\/03\/bilgisayar-teknik-servis-768x515.jpg 768w\" sizes=\"auto, (max-width: 826px) 100vw, 826px\" \/><\/figure>\n\n\n\n<h3 class=\"wp-block-heading\" style=\"margin-top:16px\">Teknik Servis<\/h3>\n\n\n\n<p>Bilgisayar tamiri, yaz\u0131l\u0131msal, donan\u0131msal sorunlar\u0131n \u00e7\u00f6z\u00fcm\u00fc.<\/p>\n<\/div>\n\n\n\n<div class=\"wp-block-column is-layout-flow wp-container-core-column-is-layout-6b73ce23 wp-block-column-is-layout-flow\">\n<figure class=\"wp-block-image size-full is-resized\"><img loading=\"lazy\" decoding=\"async\" src=\"https:\/\/ezgibilgisayar.com\/wp-content\/uploads\/2023\/03\/Network-Cozumleri-edited.jpg\" alt=\"\" class=\"wp-image-27\" style=\"width:346px;height:211px\" width=\"346\" height=\"211\"\/><\/figure>\n\n\n\n<h3 class=\"wp-block-heading\" style=\"margin-top:16px\">Network \u00c7\u00f6z\u00fcmleri<\/h3>\n\n\n\n<p>Modem, Sunucu, A\u011f Kablo ve Cihazlar\u0131 sat\u0131\u015f ve bak\u0131mlar\u0131.<\/p>\n<\/div>\n<\/div>\n<\/div>\n\n\n\n<div class=\"wp-block-group alignfull has-ast-global-color-5-background-color has-background is-layout-constrained wp-container-core-group-is-layout-94d206d0 wp-block-group-is-layout-constrained\" id=\"about\" style=\"padding-top:143px;padding-bottom:144px\">\n<div class=\"wp-block-columns alignwide are-vertically-aligned-top is-layout-flex wp-container-core-columns-is-layout-28f84493 wp-block-columns-is-layout-flex\">\n<div class=\"wp-block-column is-layout-flow wp-block-column-is-layout-flow\" style=\"flex-basis:33%\">\n<figure class=\"wp-block-image size-full\"><img loading=\"lazy\" decoding=\"async\" width=\"960\" height=\"540\" src=\"https:\/\/ezgibilgisayar.com\/wp-content\/uploads\/2023\/03\/13232950_1115392671865971_5981271393838213938_n.jpg\" alt=\"\" class=\"wp-image-28\" srcset=\"https:\/\/ezgibilgisayar.com\/wp-content\/uploads\/2023\/03\/13232950_1115392671865971_5981271393838213938_n.jpg 960w, https:\/\/ezgibilgisayar.com\/wp-content\/uploads\/2023\/03\/13232950_1115392671865971_5981271393838213938_n-300x169.jpg 300w, https:\/\/ezgibilgisayar.com\/wp-content\/uploads\/2023\/03\/13232950_1115392671865971_5981271393838213938_n-768x432.jpg 768w\" sizes=\"auto, (max-width: 960px) 100vw, 960px\" \/><\/figure>\n<\/div>\n\n\n\n<div class=\"wp-block-column is-layout-flow wp-block-column-is-layout-flow\" style=\"flex-basis:67%\">\n<div class=\"inherit-container-width wp-block-group is-layout-constrained wp-container-core-group-is-layout-47ce07ec wp-block-group-is-layout-constrained\" style=\"padding-right:80px\">\n<h2 class=\"wp-block-heading\" style=\"padding-right:40px\">Hakk\u0131m\u0131zda<\/h2>\n\n\n\n<p>EZG\u0130 B\u0130LG\u0130SAYAR bilgi i\u015flem cihazlar\u0131 sat\u0131\u015f\u0131, bunlara ili\u015fkin yaz\u0131l\u0131m \u00fcretimi ve pazarlanmas\u0131, bilhassa \u00c7ok kullan\u0131c\u0131l\u0131 sistemlerde \u00f6zel \u00e7\u00f6z\u00fcmler geli\u015ftirilmesi konular\u0131nda ticari faaliyetlerde bulunmak maksad\u0131 ile 1987 y\u0131l\u0131nda kurulmu\u015ftur. Kuruldu\u011fu g\u00fcnden bu g\u00fcne firmam\u0131z s\u00fcrekli yeni teknolojileri takip etmi\u015f, satm\u0131\u015f ve geli\u015fen teknolojiyi haz\u0131rlad\u0131\u011f\u0131 \u00e7\u00f6z\u00fcmlerde kullanm\u0131\u015ft\u0131r. Gerek bilgi birikimi a\u00e7\u0131s\u0131ndan gerekse teknik beceri a\u00e7\u0131s\u0131ndan EZG\u0130 B\u0130LG\u0130SAYAR sekt\u00f6r\u00fcm\u00fczde r\u00fc\u015ft\u00fcn\u00fc kan\u0131tlad\u0131\u011f\u0131 pek \u00e7ok \u00e7\u00f6z\u00fcme eme\u011fini ve bilgisini katarak imza atm\u0131\u015ft\u0131r. EZG\u0130 B\u0130LG\u0130SAYAR geni\u015f bilgi birikimi ve tecr\u00fcbesiyle uzman ve pratik \u00e7\u00f6z\u00fcmler \u00fcretir, \u00c7ok kullan\u0131c\u0131l\u0131 sistemlerden, ki\u015fisel bilgisayarlara, Yerel a\u011flardan Geni\u015f alan a\u011flar\u0131na, ki\u015fisel internet uygulamalar\u0131ndan geni\u015f ama\u00e7l\u0131 intranetlere, E-Ticaret Sistemleri yaz\u0131l\u0131m, altyap\u0131 ve teknik deste\u011fi konular\u0131nda ve di\u011fer e\u011fitim, destek ve bak\u0131m hizmetlerine kadar pek \u00e7ok konuda profesyonel hizmet verir. EZG\u0130 B\u0130LG\u0130SAYAR, Mobilya sekt\u00f6r\u00fcnde edindi\u011fi know how bilgisini g\u00fcncel teknolojik geli\u015fimlere adapte ederek, sekt\u00f6rde yer alan i\u015fletmelerin t\u00fcm departmanlar\u0131na uygulama yapar. \u00d6zellikle son y\u0131llarda Mikro Halley ile ETA SQL ve ETA V8 programlar\u0131n\u0131n sekt\u00f6rel hale getirilmesi konusunda geli\u015ftirdi\u011fi ek yaz\u0131l\u0131mlarla B2B, MRPII, Digital Veri Toplama, El Terminali ile sevkiyat ve Depo Kontrol\u00fc uygulamalar\u0131n\u0131 ba\u015far\u0131yla y\u00fcr\u00fctmektedir. EZG\u0130 B\u0130LG\u0130SAYAR\u2019in sat\u0131\u015f politikas\u0131 &#8220;Her zaman \u00e7al\u0131\u015f\u0131r, her zaman g\u00fcvenilir ve her zaman geli\u015febilir profesyonel sistemler&#8220; sunmakt\u0131r. EZG\u0130 B\u0130LG\u0130SAYAR her t\u00fcrl\u00fc bilgi i\u015flem ihtiyac\u0131n\u0131zda sizi asla yar\u0131 yolda b\u0131rakmayacak \u00e7\u00f6z\u00fcmlerin garantisini veriyor;<br>-Sekt\u00f6rdeki geli\u015fmeleri takip etmek,<br>-Piyasadaki \u00f6nc\u00fc konumumuzu s\u00fcrd\u00fcrmek,<br>-Geni\u015f \u00fcr\u00fcn yelpazesi ile m\u00fc\u015fterilerimize \u00e7\u00f6z\u00fcm \u00fcretmek,<br>-D\u00fcnya standartlar\u0131nda \u00fcretim yaparak markam\u0131z\u0131 g\u00fc\u00e7lendirmek,<br>-M\u00fc\u015fteri memnuniyetini en \u00fcst d\u00fczeyde tutmak,<br>-Esnek imalat taleplerini kar\u015f\u0131lamak,<br>-D\u00fcnya markas\u0131 olmak.<\/p>\n<\/div>\n<\/div>\n<\/div>\n<\/div>\n\n\n\n<div class=\"wp-block-group alignfull is-layout-constrained wp-container-core-group-is-layout-3fee123f wp-block-group-is-layout-constrained\" id=\"whyus\" style=\"padding-top:144px;padding-bottom:144px\">\n<h2 class=\"wp-block-heading\">Neden Biz?<\/h2>\n\n\n\n<div class=\"wp-block-columns is-layout-flex wp-container-core-columns-is-layout-29aadeec wp-block-columns-is-layout-flex\" style=\"margin-top:60px\">\n<div class=\"wp-block-column is-layout-flow wp-container-core-column-is-layout-6b73ce23 wp-block-column-is-layout-flow\">\n<h3 class=\"wp-block-heading\" style=\"margin-top:16px\">Kalite<\/h3>\n\n\n\n<p>\u00dcr\u00fcnlerimiz ve hizmetimizde kaliteden \u00f6d\u00fcn vermiyoruz.<\/p>\n<\/div>\n\n\n\n<div class=\"wp-block-column is-layout-flow wp-container-core-column-is-layout-6b73ce23 wp-block-column-is-layout-flow\">\n<h3 class=\"wp-block-heading\" style=\"margin-top:16px\">Profesyonel<\/h3>\n\n\n\n<p>Sat\u0131\u015fta ve sonras\u0131nda profesyonel hizmet<\/p>\n<\/div>\n\n\n\n<div class=\"wp-block-column is-layout-flow wp-container-core-column-is-layout-6b73ce23 wp-block-column-is-layout-flow\">\n<h3 class=\"wp-block-heading\" style=\"margin-top:16px\">Destek<\/h3>\n\n\n\n<p>Bili\u015fim ilgili sorunlar\u0131n\u0131zda her zaman yan\u0131n\u0131zday\u0131z.<\/p>\n<\/div>\n<\/div>\n<\/div>\n\n\n\n<h2 class=\"wp-block-heading iletisim\" id=\"iletisim\">\u0130leti\u015fim<\/h2>\n\n\n<style id=\"wpforms-css-vars-root\">\n\t\t\t\t:root {\n\t\t\t\t\t--wpforms-field-border-radius: 3px;\n--wpforms-field-background-color: #ffffff;\n--wpforms-field-border-color: rgba( 0, 0, 0, 0.25 );\n--wpforms-field-text-color: rgba( 0, 0, 0, 0.7 );\n--wpforms-label-color: rgba( 0, 0, 0, 0.85 );\n--wpforms-label-sublabel-color: rgba( 0, 0, 0, 0.55 );\n--wpforms-label-error-color: #d63637;\n--wpforms-button-border-radius: 3px;\n--wpforms-button-background-color: #066aab;\n--wpforms-button-text-color: #ffffff;\n--wpforms-field-size-input-height: 43px;\n--wpforms-field-size-input-spacing: 15px;\n--wpforms-field-size-font-size: 16px;\n--wpforms-field-size-line-height: 19px;\n--wpforms-field-size-padding-h: 14px;\n--wpforms-field-size-checkbox-size: 16px;\n--wpforms-field-size-sublabel-spacing: 5px;\n--wpforms-field-size-icon-size: 1;\n--wpforms-label-size-font-size: 16px;\n--wpforms-label-size-line-height: 19px;\n--wpforms-label-size-sublabel-font-size: 14px;\n--wpforms-label-size-sublabel-line-height: 17px;\n--wpforms-button-size-font-size: 17px;\n--wpforms-button-size-height: 41px;\n--wpforms-button-size-padding-h: 15px;\n--wpforms-button-size-margin-top: 10px;\n\n\t\t\t\t}\n\t\t\t<\/style><div class=\"wpforms-container wpforms-container-full wpforms-block wpforms-block-8a783263-1735-421d-9d39-fc96ca133e41 wpforms-render-modern\" id=\"wpforms-36\"><form id=\"wpforms-form-36\" class=\"wpforms-validate wpforms-form wpforms-ajax-form\" data-formid=\"36\" method=\"post\" enctype=\"multipart\/form-data\" action=\"\/index.php\/wp-json\/wp\/v2\/pages\/6\" data-token=\"9459771fa514e273503d0e0ff032b739\"><noscript class=\"wpforms-error-noscript\">Bu formu bitirebilmek i\u00e7in taray\u0131c\u0131n\u0131zda JavaScript&#039;i etkinle\u015ftirin.<\/noscript><div class=\"wpforms-hidden\" id=\"wpforms-error-noscript\">Bu formu bitirebilmek i\u00e7in taray\u0131c\u0131n\u0131zda JavaScript&#039;i etkinle\u015ftirin.<\/div><div class=\"wpforms-field-container\"><div id=\"wpforms-36-field_0-container\" class=\"wpforms-field wpforms-field-name\" data-field-id=\"0\"><fieldset><legend class=\"wpforms-field-label\">Ba\u011flant\u0131 Ad\u0131 Soyad\u0131 <span class=\"wpforms-required-label\" aria-hidden=\"true\">*<\/span><\/legend><div class=\"wpforms-field-row wpforms-field-medium\"><div class=\"wpforms-field-row-block wpforms-first wpforms-one-half\"><input type=\"text\" id=\"wpforms-36-field_0\" class=\"wpforms-field-name-first wpforms-field-required\" name=\"wpforms[fields][0][first]\" aria-errormessage=\"wpforms-36-field_0-error\" required><label for=\"wpforms-36-field_0\" class=\"wpforms-field-sublabel after \">Ad<\/label><\/div><div class=\"wpforms-field-row-block wpforms-one-half\"><input type=\"text\" id=\"wpforms-36-field_0-last\" class=\"wpforms-field-name-last wpforms-field-required\" name=\"wpforms[fields][0][last]\" aria-errormessage=\"wpforms-36-field_0-last-error\" required><label for=\"wpforms-36-field_0-last\" class=\"wpforms-field-sublabel after \">Soyad<\/label><\/div><\/div><\/fieldset><\/div><div id=\"wpforms-36-field_1-container\" class=\"wpforms-field wpforms-field-email\" data-field-id=\"1\"><label class=\"wpforms-field-label\" for=\"wpforms-36-field_1\">E-posta <span class=\"wpforms-required-label\" aria-hidden=\"true\">*<\/span><\/label><input type=\"email\" id=\"wpforms-36-field_1\" class=\"wpforms-field-medium wpforms-field-required\" name=\"wpforms[fields][1]\" spellcheck=\"false\" aria-errormessage=\"wpforms-36-field_1-error\" required><\/div><div id=\"wpforms-36-field_2-container\" class=\"wpforms-field wpforms-field-textarea\" data-field-id=\"2\"><label class=\"wpforms-field-label\" for=\"wpforms-36-field_2\">Yorum veya Mesaj<\/label><textarea id=\"wpforms-36-field_2\" class=\"wpforms-field-medium\" name=\"wpforms[fields][2]\" aria-errormessage=\"wpforms-36-field_2-error\" ><\/textarea><\/div><\/div><!-- .wpforms-field-container --><div class=\"wpforms-submit-container\" ><input type=\"hidden\" name=\"wpforms[id]\" value=\"36\"><input type=\"hidden\" name=\"wpforms[author]\" value=\"1\"><button type=\"submit\" name=\"wpforms[submit]\" id=\"wpforms-submit-36\" class=\"wpforms-submit\" data-alt-text=\"G\u00f6nderiliyor...\" data-submit-text=\"G\u00f6nder\" aria-live=\"assertive\" value=\"wpforms-submit\">G\u00f6nder<\/button><img loading=\"lazy\" decoding=\"async\" src=\"https:\/\/ezgibilgisayar.com\/wp-content\/plugins\/wpforms-lite\/assets\/images\/submit-spin.svg\" class=\"wpforms-submit-spinner\" style=\"display: none;\" width=\"26\" height=\"26\" alt=\"Y\u00fckleniyor\"><\/div><\/form><\/div>  <!-- .wpforms-container -->","protected":false},"excerpt":{"rendered":"<p>Bili\u015fim \u00c7\u00f6z\u00fcmleri Bilgisayar Bak\u0131m, Onar\u0131m ve Teknik Servisi Sat\u0131\u015f Bilgisayar, donan\u0131m par\u00e7alar\u0131, network \u00fcr\u00fcnlerinin sat\u0131\u015f\u0131 Profesyonellik Sat\u0131\u015f sonras\u0131 destek hizmetleri Kalite Kaliteli \u00fcr\u00fcn ve hizmet Hizmetlerimiz Bilgisayar Sat\u0131\u015f\u0131 \u0130stenilen donan\u0131mlarda diz\u00fcst\u00fc, masa\u00fcst\u00fc bilgisayar sat\u0131\u015f\u0131. Teknik Servis Bilgisayar tamiri, yaz\u0131l\u0131msal, donan\u0131msal sorunlar\u0131n \u00e7\u00f6z\u00fcm\u00fc. Network \u00c7\u00f6z\u00fcmleri Modem, Sunucu, A\u011f Kablo ve Cihazlar\u0131 sat\u0131\u015f ve bak\u0131mlar\u0131. Hakk\u0131m\u0131zda EZG\u0130 &hellip;<\/p>\n<p class=\"read-more\"> <a class=\"\" href=\"https:\/\/ezgibilgisayar.com\/\"> <span class=\"screen-reader-text\">Home<\/span> Devam\u0131 &raquo;<\/a><\/p>\n","protected":false},"author":1,"featured_media":0,"parent":0,"menu_order":0,"comment_status":"closed","ping_status":"closed","template":"","meta":{"site-sidebar-layout":"no-sidebar","site-content-layout":"plain-container","ast-global-header-display":"","ast-main-header-display":"","ast-hfb-above-header-display":"","ast-hfb-below-header-display":"","ast-hfb-mobile-header-display":"","site-post-title":"disabled","ast-breadcrumbs-content":"","ast-featured-img":"","footer-sml-layout":"","theme-transparent-header-meta":"enabled","adv-header-id-meta":"","stick-header-meta":"","header-above-stick-meta":"","header-main-stick-meta":"","header-below-stick-meta":"","footnotes":""},"class_list":["post-6","page","type-page","status-publish","hentry"],"_links":{"self":[{"href":"https:\/\/ezgibilgisayar.com\/index.php\/wp-json\/wp\/v2\/pages\/6","targetHints":{"allow":["GET"]}}],"collection":[{"href":"https:\/\/ezgibilgisayar.com\/index.php\/wp-json\/wp\/v2\/pages"}],"about":[{"href":"https:\/\/ezgibilgisayar.com\/index.php\/wp-json\/wp\/v2\/types\/page"}],"author":[{"embeddable":true,"href":"https:\/\/ezgibilgisayar.com\/index.php\/wp-json\/wp\/v2\/users\/1"}],"replies":[{"embeddable":true,"href":"https:\/\/ezgibilgisayar.com\/index.php\/wp-json\/wp\/v2\/comments?post=6"}],"version-history":[{"count":7,"href":"https:\/\/ezgibilgisayar.com\/index.php\/wp-json\/wp\/v2\/pages\/6\/revisions"}],"predecessor-version":[{"id":41,"href":"https:\/\/ezgibilgisayar.com\/index.php\/wp-json\/wp\/v2\/pages\/6\/revisions\/41"}],"wp:attachment":[{"href":"https:\/\/ezgibilgisayar.com\/index.php\/wp-json\/wp\/v2\/media?parent=6"}],"curies":[{"name":"wp","href":"https:\/\/api.w.org\/{rel}","templated":true}]}}